{"id":1535,"date":"2024-09-21T20:54:20","date_gmt":"2024-09-21T18:54:20","guid":{"rendered":"https:\/\/chateaurousseaudesipian.fr\/?page_id=1535"},"modified":"2025-02-21T17:37:59","modified_gmt":"2025-02-21T16:37:59","slug":"host-table","status":"publish","type":"page","link":"https:\/\/chateaurousseaudesipian.fr\/en\/host-table\/","title":{"rendered":"Host table"},"content":{"rendered":"<p><div class=\"fusion-fullwidth fullwidth-box fusion-builder-row-1 fusion-flex-container nonhundred-percent-fullwidth non-hundred-percent-height-scrolling\" style=\"background-color: rgba(255,255,255,0);background-position: center center;background-repeat: no-repeat;border-width: 0px 0px 0px 0px;border-color:var(--awb-color3);border-style:solid;\" ><div class=\"fusion-builder-row fusion-row fusion-flex-align-items-center fusion-flex-justify-content-center\" style=\"max-width:1352px;margin-left: calc(-4% \/ 2 );margin-right: calc(-4% \/ 2 );\"><div class=\"fusion-layout-column fusion_builder_column fusion-builder-column-0 fusion_builder_column_3_4 3_4 fusion-flex-column fusion-flex-align-self-center\"><div class=\"fusion-column-wrapper fusion-flex-justify-content-center fusion-content-layout-column\" style=\"background-position:left top;background-repeat:no-repeat;-webkit-background-size:cover;-moz-background-size:cover;-o-background-size:cover;background-size:cover;padding: 0px 0px 0px 0px;\"><style type=\"text\/css\">@media only screen and (max-width:1080px) {.fusion-title.fusion-title-1{margin-top:10px!important; margin-right:0px!important;margin-bottom:15px!important;margin-left:0px!important;}}@media only screen and (max-width:640px) {.fusion-title.fusion-title-1{margin-top:10px!important; margin-right:0px!important;margin-bottom:10px!important; margin-left:0px!important;}}<\/style><div class=\"fusion-title title fusion-title-1 fusion-sep-none fusion-title-center fusion-title-text fusion-title-size-one\" style=\"font-size:60px;margin-top:10px;margin-right:0px;margin-bottom:15px;margin-left:0px;\"><h1 class=\"title-heading-center fusion-responsive-typography-calculated\" style=\"margin:0;font-size:1em;color:var(--awb-color5);--fontSize:60;line-height:1;\">Host table<\/h1><\/div><div style=\"text-align:center;\"><style>.fusion-imageframe.imageframe-1{ margin-bottom : 30px;}<\/style><span class=\" fusion-imageframe imageframe-none imageframe-1 hover-type-none\"><img width=\"601\" height=\"20\" title=\"2024_sep-rouge-centre\" src=\"https:\/\/chateaurousseaudesipian.fr\/wp-content\/uploads\/2024\/09\/2024_sep-rouge-centre.png\" data-orig-src=\"https:\/\/chateaurousseaudesipian.fr\/wp-content\/uploads\/2024\/09\/2024_sep-rouge-centre.png\" alt class=\"lazyload img-responsive wp-image-1362\" srcset=\"data:image\/svg+xml,%3Csvg%20xmlns%3D%27http%3A%2F%2Fwww.w3.org%2F2000%2Fsvg%27%20width%3D%27601%27%20height%3D%2720%27%20viewBox%3D%270%200%20601%2020%27%3E%3Crect%20width%3D%27601%27%20height%3D%2720%27%20fill-opacity%3D%220%22%2F%3E%3C%2Fsvg%3E\" data-srcset=\"https:\/\/chateaurousseaudesipian.fr\/wp-content\/uploads\/2024\/09\/2024_sep-rouge-centre-200x7.png 200w, https:\/\/chateaurousseaudesipian.fr\/wp-content\/uploads\/2024\/09\/2024_sep-rouge-centre-400x13.png 400w, https:\/\/chateaurousseaudesipian.fr\/wp-content\/uploads\/2024\/09\/2024_sep-rouge-centre.png 601w\" data-sizes=\"auto\" data-orig-sizes=\"(max-width: 640px) 100vw, 601px\" \/><\/span><\/div><div class=\"fusion-text fusion-text-1 sm-text-align-justify fusion-text-no-margin txtjustify\" style=\"text-align:center;font-size:18px;line-height:1.8;letter-spacing:0.3px;color:var(--awb-color6);font-family:&#039;Iowan Old Style&#039;, &#039;Apple Garamond&#039;, Baskerville, &#039;Times New Roman&#039;, &#039;Droid Serif&#039;, Times, &#039;Source Serif Pro&#039;, serif;font-weight:400;margin-bottom:30px;\"><p style=\"text-align: center;\">Lunch and dinner &#8211; Tasting and vineyard tour<\/p>\n<p style=\"text-align: center;\">Monday to Friday<\/p>\n<p style=\"text-align: center;\">Lunch: 45\u20ac per person (incl. VAT)<\/p>\n<p style=\"text-align: center;\">Dinner: 55\u20ac per person (incl. VAT)<\/p>\n<p style=\"text-align: center;\">The menu includes four courses: a starter, a main course, a selection of cheese duos &amp; salads, and a homemade dessert.<\/p>\n<\/div><\/div><style type=\"text\/css\">.fusion-body .fusion-builder-column-0{width:75% !important;margin-top : 0px;margin-bottom : 0px;}.fusion-builder-column-0 > .fusion-column-wrapper {padding-top : 0px !important;padding-right : 0px !important;margin-right : 2.56%;padding-bottom : 0px !important;padding-left : 0px !important;margin-left : 2.56%;}@media only screen and (max-width:1080px) {.fusion-body .fusion-builder-column-0{width:75% !important;order : 0;}.fusion-builder-column-0 > .fusion-column-wrapper {margin-right : 2.56%;margin-left : 2.56%;}}@media only screen and (max-width:640px) {.fusion-body .fusion-builder-column-0{width:100% !important;order : 0;}.fusion-builder-column-0 > .fusion-column-wrapper {margin-right : 1.92%;margin-left : 1.92%;}}<\/style><\/div><\/div><style type=\"text\/css\">.fusion-body .fusion-flex-container.fusion-builder-row-1{ padding-top : 0px;margin-top : 100px;padding-right : 0px;padding-bottom : 0px;margin-bottom : 0px;padding-left : 0px;}@media only screen and (max-width:640px) {.fusion-body .fusion-flex-container.fusion-builder-row-1{ margin-top : 50px;}}<\/style><\/div><div class=\"fusion-fullwidth fullwidth-box fusion-builder-row-2 fusion-flex-container nonhundred-percent-fullwidth non-hundred-percent-height-scrolling\" style=\"background-color: rgba(255,255,255,0);background-position: center center;background-repeat: no-repeat;border-width: 0px 0px 0px 0px;border-color:var(--awb-color3);border-style:solid;\" ><div class=\"fusion-builder-row fusion-row fusion-flex-align-items-flex-start\" style=\"max-width:1352px;margin-left: calc(-4% \/ 2 );margin-right: calc(-4% \/ 2 );\"><div class=\"fusion-layout-column fusion_builder_column fusion-builder-column-1 fusion_builder_column_1_1 1_1 fusion-flex-column\"><div class=\"fusion-column-wrapper fusion-flex-justify-content-flex-start fusion-content-layout-column\" style=\"background-position:left top;background-repeat:no-repeat;-webkit-background-size:cover;-moz-background-size:cover;-o-background-size:cover;background-size:cover;padding: 0px 0px 0px 0px;\"><div ><span class=\" fusion-imageframe imageframe-none imageframe-2 hover-type-none fusion-animated\" data-animationType=\"bounceInUp\" data-animationDuration=\"1.6\" data-animationOffset=\"top-into-view\"><img width=\"1920\" height=\"800\" title=\"2024_chateau_rousseau_sipian_img01_tablehote\" src=\"https:\/\/chateaurousseaudesipian.fr\/wp-content\/uploads\/2024\/09\/2024_chateau_rousseau_sipian_img01_tablehote.jpg\" data-orig-src=\"https:\/\/chateaurousseaudesipian.fr\/wp-content\/uploads\/2024\/09\/2024_chateau_rousseau_sipian_img01_tablehote.jpg\" alt class=\"lazyload img-responsive wp-image-1446\" srcset=\"data:image\/svg+xml,%3Csvg%20xmlns%3D%27http%3A%2F%2Fwww.w3.org%2F2000%2Fsvg%27%20width%3D%271920%27%20height%3D%27800%27%20viewBox%3D%270%200%201920%20800%27%3E%3Crect%20width%3D%271920%27%20height%3D%27800%27%20fill-opacity%3D%220%22%2F%3E%3C%2Fsvg%3E\" data-srcset=\"https:\/\/chateaurousseaudesipian.fr\/wp-content\/uploads\/2024\/09\/2024_chateau_rousseau_sipian_img01_tablehote-200x83.jpg 200w, https:\/\/chateaurousseaudesipian.fr\/wp-content\/uploads\/2024\/09\/2024_chateau_rousseau_sipian_img01_tablehote-400x167.jpg 400w, https:\/\/chateaurousseaudesipian.fr\/wp-content\/uploads\/2024\/09\/2024_chateau_rousseau_sipian_img01_tablehote-600x250.jpg 600w, https:\/\/chateaurousseaudesipian.fr\/wp-content\/uploads\/2024\/09\/2024_chateau_rousseau_sipian_img01_tablehote-800x333.jpg 800w, https:\/\/chateaurousseaudesipian.fr\/wp-content\/uploads\/2024\/09\/2024_chateau_rousseau_sipian_img01_tablehote-1200x500.jpg 1200w, https:\/\/chateaurousseaudesipian.fr\/wp-content\/uploads\/2024\/09\/2024_chateau_rousseau_sipian_img01_tablehote.jpg 1920w\" data-sizes=\"auto\" data-orig-sizes=\"(max-width: 640px) 100vw, 1920px\" \/><\/span><\/div><\/div><style type=\"text\/css\">.fusion-body .fusion-builder-column-1{width:100% !important;margin-top : 0px;margin-bottom : 0px;}.fusion-builder-column-1 > .fusion-column-wrapper {padding-top : 0px !important;padding-right : 0px !important;margin-right : 1.92%;padding-bottom : 0px !important;padding-left : 0px !important;margin-left : 1.92%;}@media only screen and (max-width:1080px) {.fusion-body .fusion-builder-column-1{width:100% !important;order : 0;}.fusion-builder-column-1 > .fusion-column-wrapper {margin-right : 1.92%;margin-left : 1.92%;}}@media only screen and (max-width:640px) {.fusion-body .fusion-builder-column-1{width:100% !important;order : 0;}.fusion-builder-column-1 > .fusion-column-wrapper {margin-right : 0;margin-left : 0;}}<\/style><\/div><\/div><style type=\"text\/css\">.fusion-body .fusion-flex-container.fusion-builder-row-2{ padding-top : 0px;margin-top : 60px;padding-right : 0px;padding-bottom : 0px;margin-bottom : 0px;padding-left : 0px;}@media only screen and (max-width:1080px) {.fusion-body .fusion-flex-container.fusion-builder-row-2{ margin-top : 30px;}}@media only screen and (max-width:640px) {.fusion-body .fusion-flex-container.fusion-builder-row-2{ margin-top : 50px;padding-right : 0;padding-left : 0;}}<\/style><\/div><div class=\"fusion-fullwidth fullwidth-box fusion-builder-row-3 fusion-flex-container fusion-parallax-none bgimgnone nonhundred-percent-fullwidth non-hundred-percent-height-scrolling lazyload\" style=\"background-color: rgba(255,255,255,0);background-position: center center;background-repeat: no-repeat;border-width: 0px 0px 0px 0px;border-color:var(--awb-color3);border-style:solid;-webkit-background-size:cover;-moz-background-size:cover;-o-background-size:cover;background-size:cover;\" data-bg=\"https:\/\/chateaurousseaudesipian.fr\/wp-content\/uploads\/2022\/05\/bg-bottom.jpg\" ><div class=\"fusion-builder-row fusion-row fusion-flex-align-items-flex-start fusion-flex-justify-content-flex-end\" style=\"max-width:1352px;margin-left: calc(-4% \/ 2 );margin-right: calc(-4% \/ 2 );\"><div class=\"fusion-layout-column fusion_builder_column fusion-builder-column-2 fusion_builder_column_2_3 2_3 fusion-flex-column coldecal\"><div class=\"fusion-column-wrapper fusion-flex-justify-content-flex-start fusion-content-layout-column\" style=\"background-position:left top;background-repeat:no-repeat;-webkit-background-size:cover;-moz-background-size:cover;-o-background-size:cover;background-size:cover;background-color:var(--awb-color1);padding: 65px 130px 0px 130px;\"><div style=\"text-align:left;\"><style>.fusion-imageframe.imageframe-3{ margin-bottom : 30px;}<\/style><span class=\" fusion-imageframe imageframe-none imageframe-3 hover-type-none\"><img width=\"300\" height=\"20\" title=\"2024_separateur_rouge_gauche\" src=\"https:\/\/chateaurousseaudesipian.fr\/wp-content\/uploads\/2024\/09\/2024_separateur_rouge_gauche.png\" data-orig-src=\"https:\/\/chateaurousseaudesipian.fr\/wp-content\/uploads\/2024\/09\/2024_separateur_rouge_gauche.png\" alt class=\"lazyload img-responsive wp-image-1359\" srcset=\"data:image\/svg+xml,%3Csvg%20xmlns%3D%27http%3A%2F%2Fwww.w3.org%2F2000%2Fsvg%27%20width%3D%27300%27%20height%3D%2720%27%20viewBox%3D%270%200%20300%2020%27%3E%3Crect%20width%3D%27300%27%20height%3D%2720%27%20fill-opacity%3D%220%22%2F%3E%3C%2Fsvg%3E\" data-srcset=\"https:\/\/chateaurousseaudesipian.fr\/wp-content\/uploads\/2024\/09\/2024_separateur_rouge_gauche-200x13.png 200w, https:\/\/chateaurousseaudesipian.fr\/wp-content\/uploads\/2024\/09\/2024_separateur_rouge_gauche.png 300w\" data-sizes=\"auto\" data-orig-sizes=\"(max-width: 640px) 100vw, 300px\" \/><\/span><\/div><div class=\"fusion-text fusion-text-2 sm-text-align-justify fusion-text-no-margin txtjustify\" style=\"font-size:16px;color:var(--awb-color6);font-family:&#039;Iowan Old Style&#039;, &#039;Apple Garamond&#039;, Baskerville, &#039;Times New Roman&#039;, &#039;Droid Serif&#039;, Times, &#039;Source Serif Pro&#039;, serif;font-weight:400;margin-bottom:30px;\"><p>The ch\u00e2teau&#8217;s chef has prepared special menus to offer you a gastronomic experience in perfect harmony with the wines of the Ch\u00e2teau. Whether for lunch or dinner, each dish showcases the unique flavors of Ch\u00e2teau Rousseau de Sipian.<\/p>\n<p>The menu will be regularly adjusted to reflect the changing seasons, ensuring that every meal is prepared with the freshest seasonal ingredients. The chef use only organic, sustainably grown, local ingredients.<\/p>\n<\/div><\/div><style type=\"text\/css\">.fusion-body .fusion-builder-column-2{width:66.666666666667% !important;margin-top : 0px;margin-bottom : 0px;}.fusion-builder-column-2 > .fusion-column-wrapper {padding-top : 65px !important;padding-right : 130px !important;margin-right : 2.88%;padding-bottom : 0px !important;padding-left : 130px !important;margin-left : 2.88%;}@media only screen and (max-width:1080px) {.fusion-body .fusion-builder-column-2{width:66.666666666667% !important;order : 0;}.fusion-builder-column-2 > .fusion-column-wrapper {padding-right : 60px !important;margin-right : 0;padding-left : 60px !important;margin-left : 2.88%;}}@media only screen and (max-width:640px) {.fusion-body .fusion-builder-column-2{width:100% !important;order : 0;}.fusion-builder-column-2 > .fusion-column-wrapper {padding-right : 0 !important;margin-right : 1.92%;padding-left : 0 !important;margin-left : 1.92%;}}<\/style><\/div><div class=\"fusion-layout-column fusion_builder_column fusion-builder-column-3 fusion_builder_column_2_3 2_3 fusion-flex-column coldecal\"><div class=\"fusion-column-wrapper fusion-flex-justify-content-flex-end fusion-content-layout-column\" style=\"background-position:left top;background-repeat:no-repeat;-webkit-background-size:cover;-moz-background-size:cover;-o-background-size:cover;background-size:cover;background-color:var(--awb-color1);padding: 0px 100px 30px 100px;\"><div class=\"fusion-builder-row fusion-builder-row-inner fusion-row fusion-flex-align-items-flex-start fusion-flex-justify-content-flex-end\" style=\"width:104% !important;max-width:104% !important;margin-left: calc(-4% \/ 2 );margin-right: calc(-4% \/ 2 );\"><div class=\"fusion-layout-column fusion_builder_column_inner fusion-builder-nested-column-0 fusion_builder_column_inner_1_1 1_1 fusion-flex-column\"><div class=\"fusion-column-wrapper fusion-flex-justify-content-flex-start fusion-content-layout-column\" style=\"background-position:left top;background-repeat:no-repeat;-webkit-background-size:cover;-moz-background-size:cover;-o-background-size:cover;background-size:cover;background-color:rgba(143,42,43,0.2);padding: 30px 30px 30px 30px;\"><div class=\"fusion-text fusion-text-3\" style=\"font-size:18px;line-height:1.4;letter-spacing:0.3px;color:var(--awb-color3);font-family:&#039;Iowan Old Style&#039;, &#039;Apple Garamond&#039;, Baskerville, &#039;Times New Roman&#039;, &#039;Droid Serif&#039;, Times, &#039;Source Serif Pro&#039;, serif;font-weight:400;\"><p>For all inquiries &amp; bookings :<\/p>\n<p>(Please book at least two days in advance, maximum 24 people)<\/p>\n<\/div><div ><style>.fusion-body .fusion-button.button-1 .fusion-button-text{color:var(--awb-color3);text-transform:uppercase;}.fusion-body .fusion-button.button-1 i{color:var(--awb-color3);}.fusion-body .fusion-button.button-1{border-color:var(--awb-color3);border-width:1px 1px 1px 1px;border-radius:4px 4px 4px 4px;background:rgba(255,255,255,0);font-size:20px;font-family:\"Cinzel\";font-weight:600;}.fusion-body .fusion-button.button-1:hover .fusion-button-text,.fusion-body .fusion-button.button-1:hover i,.fusion-body .fusion-button.button-1:focus .fusion-button-text,.fusion-body .fusion-button.button-1:focus i,.fusion-body .fusion-button.button-1:active .fusion-button-text,.fusion-body .fusion-button.button-1:active i{color:var(--awb-color4);}.fusion-body .fusion-button.button-1:hover,.fusion-body .fusion-button.button-1:active,.fusion-body .fusion-button.button-1:focus{border-color:var(--awb-color4);border-width:1px 1px 1px 1px;background:rgba(255,246,235,0);}<\/style><a class=\"fusion-button button-flat fusion-button-default-size button-custom button-1 fusion-button-default-span fusion-button-default-type fusion-animated\" data-animationType=\"bounceIn\" data-animationDuration=\"0.6\" data-animationOffset=\"top-into-view\" target=\"_blank\" rel=\"noopener noreferrer\" href=\"https:\/\/www.medoc-atlantique-travel.com\/boutiques\/table-d-hote-chateau-rousseau-de-sipian\"><span class=\"fusion-button-text\">R\u00e9servation<\/span><\/a><\/div><\/div><style type=\"text\/css\">.fusion-body .fusion-builder-nested-column-0{width:100% !important;margin-top : 0px;margin-bottom : 20px;}.fusion-builder-nested-column-0 > .fusion-column-wrapper {padding-top : 30px !important;padding-right : 30px !important;margin-right : 1.92%;padding-bottom : 30px !important;padding-left : 30px !important;margin-left : 1.92%;}@media only screen and (max-width:1080px) {.fusion-body .fusion-builder-nested-column-0{width:100% !important;order : 0;}.fusion-builder-nested-column-0 > .fusion-column-wrapper {margin-right : 1.92%;margin-left : 1.92%;}}@media only screen and (max-width:640px) {.fusion-body .fusion-builder-nested-column-0{width:100% !important;order : 0;}.fusion-builder-nested-column-0 > .fusion-column-wrapper {margin-right : 1.92%;margin-left : 1.92%;}}<\/style><\/div><\/div><\/div><style type=\"text\/css\">.fusion-body .fusion-builder-column-3{width:66.666666666667% !important;margin-top : 0px;margin-bottom : 0px;}.fusion-builder-column-3 > .fusion-column-wrapper {padding-top : 0px !important;padding-right : 100px !important;margin-right : 2.88%;padding-bottom : 30px !important;padding-left : 100px !important;margin-left : 2.88%;}@media only screen and (max-width:1080px) {.fusion-body .fusion-builder-column-3{width:66.666666666667% !important;order : 0;}.fusion-builder-column-3 > .fusion-column-wrapper {padding-right : 60px !important;margin-right : 0;padding-left : 60px !important;margin-left : 2.88%;}}@media only screen and (max-width:640px) {.fusion-body .fusion-builder-column-3{width:100% !important;order : 0;}.fusion-builder-column-3 > .fusion-column-wrapper {padding-right : 0 !important;margin-right : 1.92%;padding-left : 0 !important;margin-left : 1.92%;}}<\/style><\/div><\/div><style type=\"text\/css\">.fusion-body .fusion-flex-container.fusion-builder-row-3{ padding-top : 0px;margin-top : 0px;padding-right : 0px;padding-bottom : 0px;margin-bottom : 0px;padding-left : 0px;}@media only screen and (max-width:1080px) {.fusion-body .fusion-flex-container.fusion-builder-row-3{ padding-right : 0;}}<\/style><\/div><\/p>\n","protected":false},"excerpt":{"rendered":"","protected":false},"author":1,"featured_media":0,"parent":0,"menu_order":0,"comment_status":"closed","ping_status":"closed","template":"100-width.php","meta":[],"yoast_head":"<!-- This site is optimized with the Yoast SEO plugin v18.9 - https:\/\/yoast.com\/wordpress\/plugins\/seo\/ -->\n<title>Visite des Chais et D\u00e9gustation - Ch\u00e2teau Rousseau de Sipian<\/title>\n<meta name=\"description\" content=\"Visite des Chais et D\u00e9gustation - Ch\u00e2teau Rousseau de Sipian\" \/>\n<meta name=\"robots\" content=\"index, follow, max-snippet:-1, max-image-preview:large, max-video-preview:-1\" \/>\n<link rel=\"canonical\" href=\"https:\/\/chateaurousseaudesipian.fr\/en\/host-table\/\" \/>\n<meta property=\"og:locale\" content=\"en_US\" \/>\n<meta property=\"og:type\" content=\"article\" \/>\n<meta property=\"og:title\" content=\"Visite des Chais et D\u00e9gustation - Ch\u00e2teau Rousseau de Sipian\" \/>\n<meta property=\"og:description\" content=\"Visite des Chais et D\u00e9gustation - Ch\u00e2teau Rousseau de Sipian\" \/>\n<meta property=\"og:url\" content=\"https:\/\/chateaurousseaudesipian.fr\/en\/host-table\/\" \/>\n<meta property=\"og:site_name\" content=\"Ch\u00e2teau Rousseau de Sipian\" \/>\n<meta property=\"article:modified_time\" content=\"2025-02-21T16:37:59+00:00\" \/>\n<meta name=\"twitter:card\" content=\"summary_large_image\" \/>\n<meta name=\"twitter:label1\" content=\"Est. reading time\" \/>\n\t<meta name=\"twitter:data1\" content=\"16 minutes\" \/>\n<script type=\"application\/ld+json\" class=\"yoast-schema-graph\">{\"@context\":\"https:\/\/schema.org\",\"@graph\":[{\"@type\":\"WebSite\",\"@id\":\"https:\/\/chateaurousseaudesipian.fr\/#website\",\"url\":\"https:\/\/chateaurousseaudesipian.fr\/\",\"name\":\"Ch\u00e2teau Rousseau de Sipian\",\"description\":\"Vins du M\u00e9doc\",\"potentialAction\":[{\"@type\":\"SearchAction\",\"target\":{\"@type\":\"EntryPoint\",\"urlTemplate\":\"https:\/\/chateaurousseaudesipian.fr\/?s={search_term_string}\"},\"query-input\":\"required name=search_term_string\"}],\"inLanguage\":\"en-US\"},{\"@type\":\"WebPage\",\"@id\":\"https:\/\/chateaurousseaudesipian.fr\/en\/host-table\/#webpage\",\"url\":\"https:\/\/chateaurousseaudesipian.fr\/en\/host-table\/\",\"name\":\"Visite des Chais et D\u00e9gustation - Ch\u00e2teau Rousseau de Sipian\",\"isPartOf\":{\"@id\":\"https:\/\/chateaurousseaudesipian.fr\/#website\"},\"datePublished\":\"2024-09-21T18:54:20+00:00\",\"dateModified\":\"2025-02-21T16:37:59+00:00\",\"description\":\"Visite des Chais et D\u00e9gustation - Ch\u00e2teau Rousseau de Sipian\",\"breadcrumb\":{\"@id\":\"https:\/\/chateaurousseaudesipian.fr\/en\/host-table\/#breadcrumb\"},\"inLanguage\":\"en-US\",\"potentialAction\":[{\"@type\":\"ReadAction\",\"target\":[\"https:\/\/chateaurousseaudesipian.fr\/en\/host-table\/\"]}]},{\"@type\":\"BreadcrumbList\",\"@id\":\"https:\/\/chateaurousseaudesipian.fr\/en\/host-table\/#breadcrumb\",\"itemListElement\":[{\"@type\":\"ListItem\",\"position\":1,\"name\":\"Accueil\",\"item\":\"https:\/\/chateaurousseaudesipian.fr\/en\/\"},{\"@type\":\"ListItem\",\"position\":2,\"name\":\"Host table\"}]}]}<\/script>\n<!-- \/ Yoast SEO plugin. -->","yoast_head_json":{"title":"Visite des Chais et D\u00e9gustation - Ch\u00e2teau Rousseau de Sipian","description":"Visite des Chais et D\u00e9gustation - Ch\u00e2teau Rousseau de Sipian","robots":{"index":"index","follow":"follow","max-snippet":"max-snippet:-1","max-image-preview":"max-image-preview:large","max-video-preview":"max-video-preview:-1"},"canonical":"https:\/\/chateaurousseaudesipian.fr\/en\/host-table\/","og_locale":"en_US","og_type":"article","og_title":"Visite des Chais et D\u00e9gustation - Ch\u00e2teau Rousseau de Sipian","og_description":"Visite des Chais et D\u00e9gustation - Ch\u00e2teau Rousseau de Sipian","og_url":"https:\/\/chateaurousseaudesipian.fr\/en\/host-table\/","og_site_name":"Ch\u00e2teau Rousseau de Sipian","article_modified_time":"2025-02-21T16:37:59+00:00","twitter_card":"summary_large_image","twitter_misc":{"Est. reading time":"16 minutes"},"schema":{"@context":"https:\/\/schema.org","@graph":[{"@type":"WebSite","@id":"https:\/\/chateaurousseaudesipian.fr\/#website","url":"https:\/\/chateaurousseaudesipian.fr\/","name":"Ch\u00e2teau Rousseau de Sipian","description":"Vins du M\u00e9doc","potentialAction":[{"@type":"SearchAction","target":{"@type":"EntryPoint","urlTemplate":"https:\/\/chateaurousseaudesipian.fr\/?s={search_term_string}"},"query-input":"required name=search_term_string"}],"inLanguage":"en-US"},{"@type":"WebPage","@id":"https:\/\/chateaurousseaudesipian.fr\/en\/host-table\/#webpage","url":"https:\/\/chateaurousseaudesipian.fr\/en\/host-table\/","name":"Visite des Chais et D\u00e9gustation - Ch\u00e2teau Rousseau de Sipian","isPartOf":{"@id":"https:\/\/chateaurousseaudesipian.fr\/#website"},"datePublished":"2024-09-21T18:54:20+00:00","dateModified":"2025-02-21T16:37:59+00:00","description":"Visite des Chais et D\u00e9gustation - Ch\u00e2teau Rousseau de Sipian","breadcrumb":{"@id":"https:\/\/chateaurousseaudesipian.fr\/en\/host-table\/#breadcrumb"},"inLanguage":"en-US","potentialAction":[{"@type":"ReadAction","target":["https:\/\/chateaurousseaudesipian.fr\/en\/host-table\/"]}]},{"@type":"BreadcrumbList","@id":"https:\/\/chateaurousseaudesipian.fr\/en\/host-table\/#breadcrumb","itemListElement":[{"@type":"ListItem","position":1,"name":"Accueil","item":"https:\/\/chateaurousseaudesipian.fr\/en\/"},{"@type":"ListItem","position":2,"name":"Host table"}]}]}},"_links":{"self":[{"href":"https:\/\/chateaurousseaudesipian.fr\/en\/wp-json\/wp\/v2\/pages\/1535"}],"collection":[{"href":"https:\/\/chateaurousseaudesipian.fr\/en\/wp-json\/wp\/v2\/pages"}],"about":[{"href":"https:\/\/chateaurousseaudesipian.fr\/en\/wp-json\/wp\/v2\/types\/page"}],"author":[{"embeddable":true,"href":"https:\/\/chateaurousseaudesipian.fr\/en\/wp-json\/wp\/v2\/users\/1"}],"replies":[{"embeddable":true,"href":"https:\/\/chateaurousseaudesipian.fr\/en\/wp-json\/wp\/v2\/comments?post=1535"}],"version-history":[{"count":3,"href":"https:\/\/chateaurousseaudesipian.fr\/en\/wp-json\/wp\/v2\/pages\/1535\/revisions"}],"predecessor-version":[{"id":1904,"href":"https:\/\/chateaurousseaudesipian.fr\/en\/wp-json\/wp\/v2\/pages\/1535\/revisions\/1904"}],"wp:attachment":[{"href":"https:\/\/chateaurousseaudesipian.fr\/en\/wp-json\/wp\/v2\/media?parent=1535"}],"curies":[{"name":"wp","href":"https:\/\/api.w.org\/{rel}","templated":true}]}}